{"id":13,"date":"2023-06-06T09:30:38","date_gmt":"2023-06-06T09:30:38","guid":{"rendered":"http:\/\/quedamosparauncafe.com\/?page_id=13"},"modified":"2023-06-06T09:46:40","modified_gmt":"2023-06-06T09:46:40","slug":"politica-de-privacidad","status":"publish","type":"page","link":"http:\/\/quedamosparauncafe.com\/index.php\/politica-de-privacidad\/","title":{"rendered":"Pol\u00edtica de privacidad"},"content":{"rendered":"\n<h1 class=\"wp-block-heading has-medium-font-size\"><strong>Advertencias sobre el tratamiento de los datos en relaci\u00f3n con Google Analytics<\/strong><\/h1>\n\n\n\n<p class=\"has-small-font-size\">Este sitio web hace uso de Google Analytics, un servicio de an\u00e1lisis web de Google Ireland Limited. Cuando el responsable del tratamiento de los datos en este sitio web tenga su sede fuera del Espacio Econ\u00f3mico Europeo o de Suiza, el tratamiento de los datos por parte de Google Analytics tendr\u00e1 lugar por Google LLC. Google LLC y Google Ireland Limited se denominar\u00e1n en lo sucesivo \u00abGoogle\u00bb. Cuando se utiliza Google Analytics, Jimdo proporciona el servicio t\u00e9cnico del tratamiento de los datos. <\/p>\n\n\n\n<p class=\"has-small-font-size\">Google Analytics utiliza las denominadas \u00abcookies\u00bb, archivos de texto que se almacenan en el dispositivo usado y que facilitan un an\u00e1lisis del uso del sitio web por parte del visitante del sitio. La informaci\u00f3n generada por la cookie sobre su uso de este sitio web se transmite por regla general a un servidor de Google en Estados Unidos y se almacena all\u00ed.<\/p>\n\n\n\n<p class=\"has-small-font-size\">Google Analytics se utilizar\u00e1 en este sitio web exclusivamente con la extensi\u00f3n \u00ab_anonymizeIp()\u00bb. Esta extensi\u00f3n garantiza una anonimizaci\u00f3n de la direcci\u00f3n IP mediante su acortamiento y excluye una asociaci\u00f3n directa con las personas. A trav\u00e9s de la extensi\u00f3n, Google acortar\u00e1 la direcci\u00f3n IP dentro de los Estados miembros de la Uni\u00f3n Europea o de otros Estados partes del Acuerdo sobre el Espacio Econ\u00f3mico Europeo antes de su transmisi\u00f3n. La direcci\u00f3n IP transmitida por el navegador correspondiente en el marco de Google Analytics no se combina con otros datos de Google.<\/p>\n\n\n\n<p class=\"has-small-font-size\">Google LLC garantiza el mantenimiento de un nivel adecuado de protecci\u00f3n de datos en base a las cl\u00e1usulas contractuales est\u00e1ndares europeas. La informaci\u00f3n enviada y vinculada a las cookies de Google Analyticas, p.ej., las ID de usuarios o los identificadores de publicidad se eliminar\u00e1n autom\u00e1ticamente tras 50 meses. La supresi\u00f3n de los datos que alcanzan su per\u00edodo de retenci\u00f3n se realiza de manera autom\u00e1tica una vez al mes.<\/p>\n\n\n\n<p class=\"has-small-font-size\">La recopilaci\u00f3n mediante Google Analytics puede evitarse si el visitante del sitio ajusta la configuraci\u00f3n de las cookies para este sitio web. Adem\u00e1s, la recopilaci\u00f3n y el almacenamiento de la direcci\u00f3n IP y de los datos generados por las cookies tambi\u00e9n pueden ser objeto de oposici\u00f3n en cualquier momento con efecto para el futuro. El complemento del navegador correspondiente puede descargarse e instalarse a trav\u00e9s del siguiente enlace:<a href=\"https:\/\/tools.google.com\/dlpage\/gaoptout?hl=es\"> https:\/\/tools.google.com\/dlpage\/gaoptout<\/a>.<\/p>\n\n\n\n<p class=\"has-small-font-size\">El visitante de la p\u00e1gina puede desactivar el uso de datos de Google Analytics haciendo clic en<a href=\"https:\/\/www.quedamosparauncafe.com\/configuracion-de-cookies\/\"> este enlace<\/a>. A continuaci\u00f3n, se activar\u00e1 una Opt-Out-Cookie que bloquear\u00e1 el uso de sus datos al visitar esta p\u00e1gina web.<\/p>\n\n\n\n<p class=\"has-small-font-size\">Encontrar\u00e1 m\u00e1s informaci\u00f3n sobre las condiciones de uso y la protecci\u00f3n de datos de Google en las<a href=\"https:\/\/www.google.com\/analytics\/terms\/es.html\"> Condiciones de Google Analytics<\/a> o en la<a href=\"https:\/\/policies.google.com\/privacy?hl=es\"> vista general de Google Analytics<\/a>.<\/p>\n\n\n\n<p class=\"has-small-font-size\">Seg\u00fan la legislaci\u00f3n pertinente y el RGPD, los visitantes del sitio web tienen ciertos derechos con respecto a sus datos personales tratados a trav\u00e9s de este tratamiento de datos de Google Analytics. En especial, tienen un derecho de acceso, rectificaci\u00f3n, portabilidad y supresi\u00f3n de sus datos. Asimismo, los visitantes del sitio tienen derecho a oponerse a un determinado tratamiento de sus datos. Para ejercer estos derechos de los interesados con respecto al tratamiento de datos de Google Analytics en este sitio web, el interesado (visitante del sitio web) puede ponerse en contacto en cualquier momento con contacto@quedamosparauncafe.com.<\/p>\n","protected":false},"excerpt":{"rendered":"<p>Advertencias sobre el tratamiento de los datos en relaci\u00f3n con Google Analytics Este sitio web hace uso de Google Analytics, un servicio de an\u00e1lisis web de Google Ireland Limited. Cuando el responsable del tratamiento de los datos en este sitio web tenga su sede fuera del Espacio Econ\u00f3mico Europeo o de Suiza, el tratamiento de [&hellip;]<\/p>\n","protected":false},"author":1,"featured_media":0,"parent":0,"menu_order":0,"comment_status":"closed","ping_status":"closed","template":"","meta":{"_joinchat":[],"footnotes":""},"class_list":["post-13","page","type-page","status-publish","hentry"],"_links":{"self":[{"href":"http:\/\/quedamosparauncafe.com\/index.php\/wp-json\/wp\/v2\/pages\/13","targetHints":{"allow":["GET"]}}],"collection":[{"href":"http:\/\/quedamosparauncafe.com\/index.php\/wp-json\/wp\/v2\/pages"}],"about":[{"href":"http:\/\/quedamosparauncafe.com\/index.php\/wp-json\/wp\/v2\/types\/page"}],"author":[{"embeddable":true,"href":"http:\/\/quedamosparauncafe.com\/index.php\/wp-json\/wp\/v2\/users\/1"}],"replies":[{"embeddable":true,"href":"http:\/\/quedamosparauncafe.com\/index.php\/wp-json\/wp\/v2\/comments?post=13"}],"version-history":[{"count":2,"href":"http:\/\/quedamosparauncafe.com\/index.php\/wp-json\/wp\/v2\/pages\/13\/revisions"}],"predecessor-version":[{"id":15,"href":"http:\/\/quedamosparauncafe.com\/index.php\/wp-json\/wp\/v2\/pages\/13\/revisions\/15"}],"wp:attachment":[{"href":"http:\/\/quedamosparauncafe.com\/index.php\/wp-json\/wp\/v2\/media?parent=13"}],"curies":[{"name":"wp","href":"https:\/\/api.w.org\/{rel}","templated":true}]}}